{"id":903,"date":"2024-12-31T00:57:36","date_gmt":"2024-12-31T00:57:36","guid":{"rendered":"https:\/\/hijosdelanoche.com\/?page_id=903"},"modified":"2024-12-31T00:57:37","modified_gmt":"2024-12-31T00:57:37","slug":"mis-libros","status":"publish","type":"page","link":"https:\/\/hijosdelanoche.com\/index.php\/mis-libros\/","title":{"rendered":"Mis libros"},"content":{"rendered":"\n<h2 class=\"wp-block-heading\">Saga rituales<\/h2>\n\n\n\n<p><\/p>\n\n\n<div class=\"wp-block-image\">\n<figure class=\"aligncenter size-large is-resized\"><img loading=\"lazy\" decoding=\"async\" width=\"684\" height=\"1024\" src=\"https:\/\/hijosdelanoche.com\/wp-content\/uploads\/2024\/12\/Alejandro-Soifer-ebook-spanish-684x1024.jpg\" alt=\"Rituales de sangre de Alejandro Soifer\" class=\"wp-image-904\" style=\"width:353px;height:auto\" srcset=\"https:\/\/hijosdelanoche.com\/wp-content\/uploads\/2024\/12\/Alejandro-Soifer-ebook-spanish-684x1024.jpg 684w, https:\/\/hijosdelanoche.com\/wp-content\/uploads\/2024\/12\/Alejandro-Soifer-ebook-spanish-200x300.jpg 200w, https:\/\/hijosdelanoche.com\/wp-content\/uploads\/2024\/12\/Alejandro-Soifer-ebook-spanish-768x1150.jpg 768w, https:\/\/hijosdelanoche.com\/wp-content\/uploads\/2024\/12\/Alejandro-Soifer-ebook-spanish-1026x1536.jpg 1026w, https:\/\/hijosdelanoche.com\/wp-content\/uploads\/2024\/12\/Alejandro-Soifer-ebook-spanish-1368x2048.jpg 1368w, https:\/\/hijosdelanoche.com\/wp-content\/uploads\/2024\/12\/Alejandro-Soifer-ebook-spanish-scaled.jpg 1710w\" sizes=\"auto, (max-width: 684px) 100vw, 684px\" \/><\/figure><\/div>\n\n\n<p><\/p>\n\n\n\n<h3 class=\"wp-block-heading\">Rituales de sangre (Saga rituales #1)<\/h3>\n\n\n\n<p>Sinopsis:<\/p>\n\n\n\n<p><strong><em>Cuando un antiguo mito se convierte en una pesadilla moderna, la b\u00fasqueda de la verdad deja un rastro de sangre.<\/em><\/strong><\/p>\n\n\n\n<p>Viernes por la noche, cuando la primera estrella ilumina el cielo, una familia jud\u00eda ortodoxa se re\u00fane para celebrar la llegada del <em>Shabat<\/em>. Pero esta noche, las cosas ser\u00e1n diferentes. En un incomprensible acto de violencia, el patriarca de la familia asesinar\u00e1 brutalmente a sus hijos y a su esposa antes de quitarse la vida. Pero no se trata de un acto de violencia ordinario. Las escalofriantes pruebas apuntan a algo mucho m\u00e1s siniestro: un ritual de sangre impregnado de un mito antisemita de siglos de antig\u00fcedad.<br>El brutal crimen pronto impactar\u00e1 en Sheila, la hermana adolescente de la mujer asesinada con quien llevaba a\u00f1os sin hablarse, y Sebasti\u00e1n, quien fuera amigo del asesino muchos a\u00f1os atr\u00e1s. Sin querer ni buscarlo sus caminos se encontrar\u00e1n en busca de la verdad acerca del crimen y a ellos se sumar\u00e1 luego Mario Quiroz, un expolic\u00eda que hace tiempo perdi\u00f3 la fe en la humanidad. Pero a cada paso que los tres den buscando qu\u00e9 se oculta detr\u00e1s del ritual de sangre, nuevos cad\u00e1veres se ir\u00e1n sumando y los rituales dejar\u00e1n de ser un mito para convertirse en una sangrienta realidad.<br>Prep\u00e1rate para ser consumido por la implacable garra de <em>Rituales de sangre<\/em>. La verdad aguarda, acechando en las sombras del tiempo, lista para cobrarse su pr\u00f3xima v\u00edctima.<\/p>\n\n\n\n<p><strong>2da edici\u00f3n corregida<\/strong><\/p>\n\n\n\n<p>\u201cUna novela electrizante. Me conmocion\u00f3 y me transport\u00f3 a respirar el misterio de los rituales de sangre.\u201d <strong>Laura Qui\u00f1ones Urquiza<\/strong>, <em>perfiladora criminal, autora de Rastros de sangre y Lo que cuenta la escena del crimen<\/em><\/p>\n\n\n\n<p>\u201cAlejandro Soifer construye una novela tensa, inquietante, que nos adentra en el lado m\u00e1s oscuro de las religiones. Adem\u00e1s nos presenta en esta historia a uno de los personajes que ya es parte del plantel estable de la literatura policiaca: Mario <em>La Iguana<\/em> Quiroz.\u201d <strong>Gast\u00f3n Intelisano<\/strong>, <em>autor de la saga policial de Santiago Soler<\/em> <\/p>\n\n\n\n<p><strong>Cons\u00edguela aqu\u00ed:<\/strong> <\/p>\n\n\n\n<p><a href=\"https:\/\/www.amazon.es\/dp\/1738828212\" title=\"\">Amazon<\/a><\/p>\n\n\n\n<p><a href=\"http:\/\/books2read.com\/u\/br6M6Y\" title=\"\">Otras tiendas<\/a><\/p>\n\n\n\n<p><\/p>\n\n\n<div class=\"wp-block-image\">\n<figure class=\"aligncenter size-large is-resized\"><img loading=\"lazy\" decoding=\"async\" width=\"684\" height=\"1024\" src=\"https:\/\/hijosdelanoche.com\/wp-content\/uploads\/2024\/12\/Alejandro-Soifer-684x1024.jpg\" alt=\"Rituales de l\u00e1grimas de Alejandro Soifer\" class=\"wp-image-907\" style=\"width:353px\" srcset=\"https:\/\/hijosdelanoche.com\/wp-content\/uploads\/2024\/12\/Alejandro-Soifer-684x1024.jpg 684w, https:\/\/hijosdelanoche.com\/wp-content\/uploads\/2024\/12\/Alejandro-Soifer-200x300.jpg 200w, https:\/\/hijosdelanoche.com\/wp-content\/uploads\/2024\/12\/Alejandro-Soifer-768x1150.jpg 768w, https:\/\/hijosdelanoche.com\/wp-content\/uploads\/2024\/12\/Alejandro-Soifer-1026x1536.jpg 1026w, https:\/\/hijosdelanoche.com\/wp-content\/uploads\/2024\/12\/Alejandro-Soifer-1368x2048.jpg 1368w, https:\/\/hijosdelanoche.com\/wp-content\/uploads\/2024\/12\/Alejandro-Soifer-scaled.jpg 1710w\" sizes=\"auto, (max-width: 684px) 100vw, 684px\" \/><\/figure><\/div>\n\n\n<p><\/p>\n\n\n\n<h3 class=\"wp-block-heading\">Rituales de l\u00e1grimas (Saga rituales #2)<\/h3>\n\n\n\n<p>Sinopsis: <\/p>\n\n\n\n<p><strong><em>Cre\u00edan haber dejado detr\u00e1s el horror de los asesinatos rituales. Pero entonces volvieron a comenzar.<\/em><\/strong><\/p>\n\n\n\n<p>Han transcurrido casi dos a\u00f1os desde el sangriento desenlace de <em>Rituales de sangre<\/em>. Sheila Lehrer, la hija de un prestigioso rabino, Sebasti\u00e1n, un profesor de literatura, y Mario Quiroz, un ex polic\u00eda curtido por la melancol\u00eda y la vida dura, creen haber dejado muy atr\u00e1s aquel asunto.<br>Pero su tranquilidad se ver\u00e1 interrumpida de manera brutal cuando un nuevo crimen atroz sacude a la sociedad. Las macabras similitudes con los asesinatos rituales anteriores llevan a deducir nuevamente un perturbador v\u00ednculo con la secta ultraortodoxa jud\u00eda de Tikv\u00e1 Zhitomir. Sin embargo, en el turbio mundo de los susurros y las apariencias enga\u00f1osas, la verdad podr\u00eda ser mucho m\u00e1s retorcida de lo que parece. La sombra amenazante del pasado se cierne de nuevo sobre los protagonistas cuando una segunda y sorprendente muerte los pone en jaque, forz\u00e1ndolos a enfrentar los demonios que hab\u00edan tratado dejar atr\u00e1s.<\/p>\n\n\n\n<p>En esta perturbadora segunda parte de la <em>Saga Rituales<\/em>, todas las certezas volver\u00e1n a ser puestas en juego. La entrada en escena de Luc\u00eda Zabala, un asunto pendiente en la vida de Quiroz, y el enigm\u00e1tico Leib <em>El G\u00f3lem <\/em>Schelling, agregan una capa adicional de complejidad a una trama retorcida y llena de falsas pistas. El tiempo corre mientras tanto y nuestros protagonistas deber\u00e1n, una vez m\u00e1s, unir fuerzas para desbaratar una trama atravesada por un oscuro secreto hist\u00f3rico.<\/p>\n\n\n\n<p>Sumergi\u00e9ndose en las profundidades de lo desconocido, esta nueva entrega de la saga teje una red de suspenso implacable. Un <em>thriller<\/em> de suspense cautivante que te mantendr\u00e1 en vilo, p\u00e1gina tras p\u00e1gina, mientras descubres que en las sombras acechan secretos inimaginables.<\/p>\n\n\n\n<p><strong>Cons\u00edguela aqu\u00ed:<\/strong> <\/p>\n\n\n\n<p><a href=\"https:\/\/www.amazon.es\/gp\/product\/B0CHGLPDH3?ref_=dbs_m_mng_rwt_calw_tpbk_1&amp;storeType=ebooks\" title=\"\">Amazon<\/a><\/p>\n\n\n\n<p><a href=\"http:\/\/books2read.com\/u\/m2EENO\" title=\"\">Otras tiendas<\/a><\/p>\n\n\n\n<p><\/p>\n\n\n<div class=\"wp-block-image\">\n<figure class=\"aligncenter size-large is-resized\"><img loading=\"lazy\" decoding=\"async\" width=\"682\" height=\"1024\" src=\"https:\/\/hijosdelanoche.com\/wp-content\/uploads\/2024\/12\/Front-Cover-682x1024.jpg\" alt=\"Sangre por la herida de Alejandro Soifer\" class=\"wp-image-909\" style=\"width:353px\" srcset=\"https:\/\/hijosdelanoche.com\/wp-content\/uploads\/2024\/12\/Front-Cover-682x1024.jpg 682w, https:\/\/hijosdelanoche.com\/wp-content\/uploads\/2024\/12\/Front-Cover-200x300.jpg 200w, https:\/\/hijosdelanoche.com\/wp-content\/uploads\/2024\/12\/Front-Cover-768x1154.jpg 768w, https:\/\/hijosdelanoche.com\/wp-content\/uploads\/2024\/12\/Front-Cover-1022x1536.jpg 1022w, https:\/\/hijosdelanoche.com\/wp-content\/uploads\/2024\/12\/Front-Cover-1363x2048.jpg 1363w, https:\/\/hijosdelanoche.com\/wp-content\/uploads\/2024\/12\/Front-Cover-scaled.jpg 1704w\" sizes=\"auto, (max-width: 682px) 100vw, 682px\" \/><\/figure><\/div>\n\n\n<p><\/p>\n\n\n\n<h3 class=\"wp-block-heading\">Sangre por la herida (Saga rituales spin-off)<\/h3>\n\n\n\n<p>Sinopsis: <\/p>\n\n\n\n<p>Luego haber ayudado a resolver el misterio de los cr\u00edmenes rituales en una comunidad jud\u00eda ortodoxa en <em>Rituales de sangre<\/em>, Mario Quiroz se involucra como guardaespaldas de Walter \u201cel Inca\u201d Ayala, un narco peruano que ha conquistado el bajo mundo del tr\u00e1fico de drogas. El momento no podr\u00eda ser peor: Ayala y su antiguo socio, Franklin \u201cel Loco\u201d Bautista, acaban de entrar en una guerra de bandas signada por las traiciones mutuas y la violencia.<br>A pesar de todo, el nuevo trabajo de Quiroz parece ir bien. Esto es hasta que una noche, Ayala le pide que siga a su novia, una tal Luc\u00eda Zabala, de la que sospecha que le est\u00e1 siendo infiel. Entonces las cosas se complicar\u00e1n. Pronto habr\u00e1 un cad\u00e1ver al que luego se le sumar\u00e1n varios m\u00e1s y as\u00ed Mario Quiroz se encontrar\u00e1 a la fuga, escapando de una venganza, intentando salvar su vida y la de quienes aprender\u00e1 a querer muy a su pesar en una aventura llena de violencia y acci\u00f3n.<\/p>\n\n\n\n<p><em>Sangre por la herida<\/em> es una historia independiente en el mundo de la saga Rituales, protagonizada por Mario Quiroz. La historia se ubica temporalmente entre <em>Rituales de sangre<\/em> y <em>Rituales de l\u00e1grimas<\/em>. A diferencia de estas novelas, <em>Sangre por la herida<\/em> es una novela policial <em>hard-boiled<\/em>.<\/p>\n\n\n\n<p><strong>Cons\u00edguela aqu\u00ed:<\/strong><\/p>\n\n\n\n<p><a href=\"https:\/\/www.amazon.es\/dp\/1544232373\" title=\"\">Amazon<\/a><\/p>\n\n\n\n<p><a href=\"https:\/\/books2read.com\/u\/mgNadK\" title=\"\">Otras tiendas<\/a><\/p>\n\n\n\n<p><\/p>\n\n\n<div class=\"wp-block-image\">\n<figure class=\"aligncenter size-large is-resized\"><img loading=\"lazy\" decoding=\"async\" width=\"683\" height=\"1024\" src=\"https:\/\/hijosdelanoche.com\/wp-content\/uploads\/2024\/12\/El-camino-del-Inca-cubierta-683x1024.jpg\" alt=\"El camino del Inca de Alejandro Soifer\" class=\"wp-image-910\" style=\"width:353px\" srcset=\"https:\/\/hijosdelanoche.com\/wp-content\/uploads\/2024\/12\/El-camino-del-Inca-cubierta-683x1024.jpg 683w, https:\/\/hijosdelanoche.com\/wp-content\/uploads\/2024\/12\/El-camino-del-Inca-cubierta-200x300.jpg 200w, https:\/\/hijosdelanoche.com\/wp-content\/uploads\/2024\/12\/El-camino-del-Inca-cubierta-768x1151.jpg 768w, https:\/\/hijosdelanoche.com\/wp-content\/uploads\/2024\/12\/El-camino-del-Inca-cubierta-1025x1536.jpg 1025w, https:\/\/hijosdelanoche.com\/wp-content\/uploads\/2024\/12\/El-camino-del-Inca-cubierta-1367x2048.jpg 1367w, https:\/\/hijosdelanoche.com\/wp-content\/uploads\/2024\/12\/El-camino-del-Inca-cubierta-scaled.jpg 1709w\" sizes=\"auto, (max-width: 683px) 100vw, 683px\" \/><\/figure><\/div>\n\n\n<p><\/p>\n\n\n\n<h3 class=\"wp-block-heading\">El camino del Inca (saga rituales spin-off)<\/h3>\n\n\n\n<p>Sinopsis: <\/p>\n\n\n\n<p>Antes de convertirse en un poderoso y temido narcotraficante, Walter \u201cEl Inca\u201d Ayala tuvo que aprender a matar y defender lo suyo. En esta \u00e9pica <strong>narconovela de aprendizaje<\/strong> conoceremos los humildes or\u00edgenes de Ayala desde el momento en el que una venganza lo oblig\u00f3 a exiliarse lejos de su Per\u00fa natal, apenas con la ropa que llevaba puesta y una pistola 9 mm en una ciudad hostil y determinada a quebrarlo. Veremos c\u00f3mo con ingenio, voluntad y sangre fr\u00eda, Walter Ayala construy\u00f3 un imperio subterr\u00e1neo a base de violencia y coca\u00edna, pero tambi\u00e9n amores rotos, amistades peligrosas y gastronom\u00eda peruana. &nbsp;<br><br>En el medio: una guerra entre otros dos narcotraficantes de temer, Evelio \u201cSamurai Jack\u201d Santos y \u201cEl Paraguayo\u201d Ram\u00edrez que se disputar\u00e1n el territorio y el tr\u00e1fico en un festival de muerte y <em>gore<\/em> cuyas consecuencias impactar\u00e1n incluso en el naciente \u201cimperio Inca\u201d de Walter.<br><br>En esta precuela de <em>Sangre por la herida<\/em>, pero que puede leerse de forma completamente independiente, sabremos por fin c\u00f3mo Walter Ayala lleg\u00f3 a conocer y relacionarse con sus guardaespaldas, los hermanos Edgar y William Flores, el expolic\u00eda Mario Quiroz y su amor maldito, Luc\u00eda Zabala.<br><br>Un relato que se inserta en la mejor tradici\u00f3n de la narconovela, la novela policial dura y que tiene tambi\u00e9n, algunos toques de <em>body horror<\/em> para aderezar mejor el viaje.<\/p>\n\n\n\n<p><strong>Cons\u00edguela aqu\u00ed:<\/strong> <\/p>\n\n\n\n<p><a href=\"https:\/\/www.amazon.es\/dp\/1998235033\" title=\"\">Amazon<\/a><\/p>\n\n\n\n<p><a href=\"https:\/\/books2read.com\/u\/bPwWVA\" title=\"\">Otras tiendas<\/a><\/p>\n","protected":false},"excerpt":{"rendered":"<p>Saga rituales Rituales de sangre (Saga rituales #1) Sinopsis: Cuando un antiguo mito se convierte en una pesadilla moderna, la b\u00fasqueda de la verdad deja un rastro de sangre. Viernes por la noche, cuando la primera estrella ilumina el cielo, una familia jud\u00eda ortodoxa se re\u00fane para celebrar la llegada del Shabat. Pero esta noche, [&hellip;]<\/p>\n","protected":false},"author":1,"featured_media":0,"parent":0,"menu_order":0,"comment_status":"closed","ping_status":"closed","template":"","meta":{"footnotes":""},"class_list":["post-903","page","type-page","status-publish","hentry"],"aioseo_notices":[],"jetpack_sharing_enabled":true,"_links":{"self":[{"href":"https:\/\/hijosdelanoche.com\/index.php\/wp-json\/wp\/v2\/pages\/903","targetHints":{"allow":["GET"]}}],"collection":[{"href":"https:\/\/hijosdelanoche.com\/index.php\/wp-json\/wp\/v2\/pages"}],"about":[{"href":"https:\/\/hijosdelanoche.com\/index.php\/wp-json\/wp\/v2\/types\/page"}],"author":[{"embeddable":true,"href":"https:\/\/hijosdelanoche.com\/index.php\/wp-json\/wp\/v2\/users\/1"}],"replies":[{"embeddable":true,"href":"https:\/\/hijosdelanoche.com\/index.php\/wp-json\/wp\/v2\/comments?post=903"}],"version-history":[{"count":4,"href":"https:\/\/hijosdelanoche.com\/index.php\/wp-json\/wp\/v2\/pages\/903\/revisions"}],"predecessor-version":[{"id":911,"href":"https:\/\/hijosdelanoche.com\/index.php\/wp-json\/wp\/v2\/pages\/903\/revisions\/911"}],"wp:attachment":[{"href":"https:\/\/hijosdelanoche.com\/index.php\/wp-json\/wp\/v2\/media?parent=903"}],"curies":[{"name":"wp","href":"https:\/\/api.w.org\/{rel}","templated":true}]}}